{"id":11,"date":"2022-06-13T10:10:10","date_gmt":"2022-06-13T01:10:10","guid":{"rendered":"http:\/\/haewoo2.itvineweb.com\/?page_id=11"},"modified":"2023-07-18T17:33:17","modified_gmt":"2023-07-18T08:33:17","slug":"home","status":"publish","type":"page","link":"http:\/\/haewoo.com\/vi\/","title":{"rendered":"Home"},"content":{"rendered":"<p>[et_pb_section fb_built=&#8221;1&#8243; fullwidth=&#8221;on&#8221; _builder_version=&#8221;4.17.4&#8243; _module_preset=&#8221;default&#8221; global_colors_info=&#8221;{}&#8221;][et_pb_nextend_smart_slider_3_fullwidth slider=&#8221;2&#8243; _builder_version=&#8221;4.17.4&#8243; _module_preset=&#8221;default&#8221; global_colors_info=&#8221;{}&#8221;][\/et_pb_nextend_smart_slider_3_fullwidth][\/et_pb_section][et_pb_section fb_built=&#8221;1&#8243; _builder_version=&#8221;4.17.4&#8243; _module_preset=&#8221;default&#8221; background_image=&#8221;http:\/\/haewoo2.itvineweb.com\/wp-content\/uploads\/2022\/06\/home-bg-worlddot.png&#8221; global_colors_info=&#8221;{}&#8221;][et_pb_row _builder_version=&#8221;4.17.4&#8243; _module_preset=&#8221;default&#8221; global_colors_info=&#8221;{}&#8221;][et_pb_column type=&#8221;4_4&#8243; _builder_version=&#8221;4.17.4&#8243; _module_preset=&#8221;default&#8221; global_colors_info=&#8221;{}&#8221;][et_pb_text _builder_version=&#8221;4.17.4&#8243; _module_preset=&#8221;default&#8221; text_font=&#8221;|800||on|||||&#8221; text_text_color=&#8221;#FFFFFF&#8221; text_font_size=&#8221;32px&#8221; text_orientation=&#8221;center&#8221; global_colors_info=&#8221;{}&#8221;]<\/p>\n<p><strong>About us<\/strong><\/p>\n<p>[\/et_pb_text][et_pb_divider color=&#8221;#2EA3F2&#8243; divider_weight=&#8221;3px&#8221; _builder_version=&#8221;4.17.4&#8243; _module_preset=&#8221;default&#8221; width=&#8221;50px&#8221; module_alignment=&#8221;center&#8221; global_colors_info=&#8221;{}&#8221;][\/et_pb_divider][\/et_pb_column][\/et_pb_row][et_pb_row column_structure=&#8221;1_4,1_2,1_4&#8243; _builder_version=&#8221;4.17.4&#8243; _module_preset=&#8221;default&#8221; global_colors_info=&#8221;{}&#8221;][et_pb_column type=&#8221;1_4&#8243; _builder_version=&#8221;4.17.4&#8243; _module_preset=&#8221;default&#8221; global_colors_info=&#8221;{}&#8221;][\/et_pb_column][et_pb_column type=&#8221;1_2&#8243; _builder_version=&#8221;4.17.4&#8243; _module_preset=&#8221;default&#8221; global_colors_info=&#8221;{}&#8221;][et_pb_text _builder_version=&#8221;4.17.4&#8243; _module_preset=&#8221;default&#8221; text_font=&#8221;|700||on|||||&#8221; text_text_color=&#8221;#59b5f2&#8243; text_font_size=&#8221;24px&#8221; text_orientation=&#8221;center&#8221; animation_style=&#8221;slide&#8221; animation_direction=&#8221;bottom&#8221; animation_intensity_slide=&#8221;30%&#8221; global_colors_info=&#8221;{}&#8221;]<\/p>\n<p><strong>\u0110\u1ec3 di d\u1eddi s\u1ea3n ph\u1ea9m ra to\u00e0n th\u1ebf gi\u1edbi!<\/strong><\/p>\n<p>[\/et_pb_text][et_pb_text _builder_version=&#8221;4.17.4&#8243; _module_preset=&#8221;default&#8221; text_font=&#8221;|300||on|||||&#8221; text_text_color=&#8221;#cccccc&#8221; text_font_size=&#8221;16px&#8221; text_orientation=&#8221;center&#8221; global_colors_info=&#8221;{}&#8221;]<\/p>\n<p>Haewoo GLS \u0111\u01b0\u1ee3c th\u00e0nh l\u1eadp v\u00e0o n\u0103m 1983 c\u00f3 b\u00ed quy\u1ebft \u0111\u1eb7c bi\u1ec7t trong l\u0129nh v\u1ef1c h\u1eadu c\u1ea7n d\u1ef1a tr\u00ean kinh nghi\u1ec7m thu h\u1eb9p v\u00e0 \u0111\u1ed5i m\u1edbi quy tr\u00ecnh h\u1eadu c\u1ea7n li\u00ean t\u1ee5c.\nX\u00e2y d\u1ef1ng h\u1ec7 th\u1ed1ng v\u1eadn chuy\u1ec3n tr\u1ecdn g\u00f3i, gi\u1ea3m chi ph\u00ed v\u1eadn chuy\u1ec3n v\u00e0 cung c\u1ea5p th\u00f4ng tin h\u1eadu c\u1ea7n th\u1eddi gian th\u1ef1c ONE STOP SERVICE.\nH\u01a1n n\u1eefa, x\u00e2y d\u1ef1ng h\u1ec7 th\u1ed1ng IT ti\u00ean ti\u1ebfn tr\u00ean n\u1ec1n t\u1ea3ng network trong v\u00e0 ngo\u00e0i n\u01b0\u1edbc, cung c\u1ea5p d\u1ecbch v\u1ee5 an to\u00e0n \u0111\u1ec3 kh\u00e1ch h\u00e0ng c\u00f3 th\u1ec3 tr\u1ef1c ti\u1ebfp ki\u1ec3m tra h\u00e0ng h\u00f3a v\u00e0 v\u1eadn chuy\u1ec3n.<\/p>\n<p>[\/et_pb_text][et_pb_button button_url=&#8221;@ET-DC@eyJkeW5hbWljIjp0cnVlLCJjb250ZW50IjoicG9zdF9saW5rX3VybF9wYWdlIiwic2V0dGluZ3MiOnsicG9zdF9pZCI6IjY3In19@&#8221; button_text=&#8221;more&#8221; button_alignment=&#8221;center&#8221; _builder_version=&#8221;4.17.4&#8243; _dynamic_attributes=&#8221;button_url&#8221; _module_preset=&#8221;default&#8221; custom_button=&#8221;on&#8221; button_text_size=&#8221;14px&#8221; button_text_color=&#8221;#FFFFFF&#8221; button_border_width=&#8221;1px&#8221; button_border_radius=&#8221;1px&#8221; button_font=&#8221;Noto Sans KR|||on|||||&#8221; button_icon=&#8221;&#x39;||divi||400&#8243; button_on_hover=&#8221;off&#8221; global_colors_info=&#8221;{}&#8221; button_border_color__hover_enabled=&#8221;on|hover&#8221; button_border_color__hover=&#8221;#FFFFFF&#8221; button_bg_color__hover_enabled=&#8221;on|hover&#8221; button_bg_color__hover=&#8221;#FFFFFF&#8221; button_bg_enable_color__hover=&#8221;on&#8221; button_text_color__hover_enabled=&#8221;on|hover&#8221; button_text_color__hover=&#8221;#000000&#8243;][\/et_pb_button][\/et_pb_column][et_pb_column type=&#8221;1_4&#8243; _builder_version=&#8221;4.17.4&#8243; _module_preset=&#8221;default&#8221; global_colors_info=&#8221;{}&#8221;][\/et_pb_column][\/et_pb_row][\/et_pb_section][et_pb_section fb_built=&#8221;1&#8243; _builder_version=&#8221;4.17.4&#8243; _module_preset=&#8221;default&#8221; background_enable_image=&#8221;off&#8221; custom_padding=&#8221;||54px|||&#8221; global_colors_info=&#8221;{}&#8221;][et_pb_row _builder_version=&#8221;4.17.4&#8243; _module_preset=&#8221;default&#8221; global_colors_info=&#8221;{}&#8221;][et_pb_column type=&#8221;4_4&#8243; _builder_version=&#8221;4.17.4&#8243; _module_preset=&#8221;default&#8221; global_colors_info=&#8221;{}&#8221;][et_pb_text _builder_version=&#8221;4.17.4&#8243; _module_preset=&#8221;default&#8221; text_font=&#8221;|800||on|||||&#8221; text_text_color=&#8221;#000000&#8243; text_font_size=&#8221;32px&#8221; text_orientation=&#8221;center&#8221; global_colors_info=&#8221;{}&#8221;]<strong>our services<\/strong>[\/et_pb_text][et_pb_divider color=&#8221;#2EA3F2&#8243; divider_weight=&#8221;3px&#8221; _builder_version=&#8221;4.17.4&#8243; _module_preset=&#8221;default&#8221; width=&#8221;50px&#8221; module_alignment=&#8221;center&#8221; custom_margin=&#8221;||10px||false|false&#8221; global_colors_info=&#8221;{}&#8221;][\/et_pb_divider][et_pb_text _builder_version=&#8221;4.17.4&#8243; _module_preset=&#8221;default&#8221; text_font=&#8221;|600|||||||&#8221; text_text_color=&#8221;#000000&#8243; text_font_size=&#8221;20px&#8221; text_orientation=&#8221;center&#8221; global_colors_info=&#8221;{}&#8221;]<\/p>\n<p><strong>l\u0129nh v\u1ef1c kinh doanh<\/strong><\/p>\n<p>[\/et_pb_text][\/et_pb_column][\/et_pb_row][et_pb_row column_structure=&#8221;1_4,1_4,1_4,1_4&#8243; _builder_version=&#8221;4.17.4&#8243; _module_preset=&#8221;default&#8221; global_module=&#8221;101&#8243; saved_tabs=&#8221;all&#8221; global_colors_info=&#8221;{}&#8221;][et_pb_column type=&#8221;1_4&#8243; _builder_version=&#8221;4.17.4&#8243; _module_preset=&#8221;default&#8221; global_colors_info=&#8221;{}&#8221;][et_pb_blurb title=&#8221;Int&#8217;l Freight&#8221; image=&#8221;http:\/\/haewoo2.itvineweb.com\/wp-content\/uploads\/2022\/06\/home-service-icon01.png&#8221; content_max_width=&#8221;220px&#8221; _builder_version=&#8221;4.17.4&#8243; _module_preset=&#8221;default&#8221; header_font=&#8221;|600|||||||&#8221; header_text_align=&#8221;center&#8221; header_text_color=&#8221;#FFFFFF&#8221; header_font_size=&#8221;16px&#8221; body_text_align=&#8221;center&#8221; body_text_color=&#8221;#FFFFFF&#8221; body_font_size=&#8221;18px&#8221; background_color=&#8221;#213962&#8243; width=&#8221;220px&#8221; module_alignment=&#8221;center&#8221; min_height=&#8221;220px&#8221; height=&#8221;220px&#8221; custom_padding=&#8221;15px||15px||true|false&#8221; border_radii=&#8221;on|300px|300px|300px|300px&#8221; global_colors_info=&#8221;{}&#8221;][\/et_pb_blurb][\/et_pb_column][et_pb_column type=&#8221;1_4&#8243; _builder_version=&#8221;4.17.4&#8243; _module_preset=&#8221;default&#8221; global_colors_info=&#8221;{}&#8221;][et_pb_blurb title=&#8221;3PL Logistics&#8221; image=&#8221;http:\/\/haewoo2.itvineweb.com\/wp-content\/uploads\/2022\/06\/home-service-icon2.png&#8221; content_max_width=&#8221;220px&#8221; _builder_version=&#8221;4.17.4&#8243; _module_preset=&#8221;default&#8221; header_font=&#8221;|600|||||||&#8221; header_text_align=&#8221;center&#8221; header_text_color=&#8221;#FFFFFF&#8221; header_font_size=&#8221;16px&#8221; body_text_align=&#8221;center&#8221; body_text_color=&#8221;#FFFFFF&#8221; body_font_size=&#8221;18px&#8221; background_color=&#8221;#213962&#8243; width=&#8221;220px&#8221; module_alignment=&#8221;center&#8221; min_height=&#8221;220px&#8221; height=&#8221;220px&#8221; custom_padding=&#8221;15px||15px||true|false&#8221; border_radii=&#8221;on|300px|300px|300px|300px&#8221; global_colors_info=&#8221;{}&#8221;][\/et_pb_blurb][\/et_pb_column][et_pb_column type=&#8221;1_4&#8243; _builder_version=&#8221;4.17.4&#8243; _module_preset=&#8221;default&#8221; global_colors_info=&#8221;{}&#8221;][et_pb_blurb title=&#8221;Flexitank&#8221; image=&#8221;http:\/\/haewoo2.itvineweb.com\/wp-content\/uploads\/2022\/06\/home-service-icon3.png&#8221; content_max_width=&#8221;220px&#8221; _builder_version=&#8221;4.17.4&#8243; _module_preset=&#8221;default&#8221; header_font=&#8221;|600|||||||&#8221; header_text_align=&#8221;center&#8221; header_text_color=&#8221;#FFFFFF&#8221; header_font_size=&#8221;16px&#8221; body_text_align=&#8221;center&#8221; body_text_color=&#8221;#FFFFFF&#8221; body_font_size=&#8221;18px&#8221; background_color=&#8221;#213962&#8243; width=&#8221;220px&#8221; module_alignment=&#8221;center&#8221; min_height=&#8221;220px&#8221; height=&#8221;220px&#8221; custom_padding=&#8221;15px||15px||true|false&#8221; border_radii=&#8221;on|300px|300px|300px|300px&#8221; global_colors_info=&#8221;{}&#8221;][\/et_pb_blurb][\/et_pb_column][et_pb_column type=&#8221;1_4&#8243; _builder_version=&#8221;4.17.4&#8243; _module_preset=&#8221;default&#8221; global_colors_info=&#8221;{}&#8221;][et_pb_blurb title=&#8221;Ferry&#8221; image=&#8221;http:\/\/haewoo2.itvineweb.com\/wp-content\/uploads\/2022\/06\/home-service-icon4.png&#8221; content_max_width=&#8221;220px&#8221; _builder_version=&#8221;4.17.4&#8243; _module_preset=&#8221;default&#8221; header_font=&#8221;|600|||||||&#8221; header_text_align=&#8221;center&#8221; header_text_color=&#8221;#FFFFFF&#8221; header_font_size=&#8221;16px&#8221; body_text_align=&#8221;center&#8221; body_text_color=&#8221;#FFFFFF&#8221; body_font_size=&#8221;18px&#8221; background_color=&#8221;#213962&#8243; width=&#8221;220px&#8221; module_alignment=&#8221;center&#8221; min_height=&#8221;220px&#8221; height=&#8221;220px&#8221; custom_padding=&#8221;15px||15px||true|false&#8221; border_radii=&#8221;on|300px|300px|300px|300px&#8221; global_colors_info=&#8221;{}&#8221;][\/et_pb_blurb][\/et_pb_column][\/et_pb_row][\/et_pb_section][et_pb_section fb_built=&#8221;1&#8243; _builder_version=&#8221;4.17.4&#8243; _module_preset=&#8221;default&#8221; background_image=&#8221;http:\/\/haewoo2.itvineweb.com\/wp-content\/uploads\/2022\/06\/home-bg-ship.jpg&#8221; parallax=&#8221;on&#8221; global_colors_info=&#8221;{}&#8221;][et_pb_row _builder_version=&#8221;4.17.4&#8243; _module_preset=&#8221;default&#8221; global_colors_info=&#8221;{}&#8221;][et_pb_column type=&#8221;4_4&#8243; _builder_version=&#8221;4.17.4&#8243; _module_preset=&#8221;default&#8221; global_colors_info=&#8221;{}&#8221;][et_pb_nextend_smart_slider_3 slider=&#8221;3&#8243; _builder_version=&#8221;4.17.4&#8243; _module_preset=&#8221;default&#8221; global_colors_info=&#8221;{}&#8221;][\/et_pb_nextend_smart_slider_3][\/et_pb_column][\/et_pb_row][\/et_pb_section][et_pb_section fb_built=&#8221;1&#8243; _builder_version=&#8221;4.17.4&#8243; _module_preset=&#8221;default&#8221; background_enable_color=&#8221;off&#8221; background_image=&#8221;http:\/\/haewoo2.itvineweb.com\/wp-content\/uploads\/2022\/06\/home-contact-bg1.jpg&#8221; parallax=&#8221;on&#8221; parallax_method=&#8221;off&#8221; background_blend=&#8221;darken&#8221; global_colors_info=&#8221;{}&#8221;][et_pb_row column_structure=&#8221;1_2,1_2&#8243; _builder_version=&#8221;4.17.4&#8243; _module_preset=&#8221;default&#8221; global_colors_info=&#8221;{}&#8221;][et_pb_column type=&#8221;1_2&#8243; _builder_version=&#8221;4.17.4&#8243; _module_preset=&#8221;default&#8221; global_colors_info=&#8221;{}&#8221;][et_pb_text _builder_version=&#8221;4.17.4&#8243; _module_preset=&#8221;default&#8221; text_font=&#8221;|800||on|||||&#8221; text_text_color=&#8221;#FFFFFF&#8221; text_font_size=&#8221;32px&#8221; global_colors_info=&#8221;{}&#8221;]<\/p>\n<p><strong>contact us<\/strong><\/p>\n<p>[\/et_pb_text][et_pb_divider color=&#8221;#2EA3F2&#8243; divider_weight=&#8221;3px&#8221; _builder_version=&#8221;4.17.4&#8243; _module_preset=&#8221;default&#8221; width=&#8221;50px&#8221; module_alignment=&#8221;left&#8221; global_colors_info=&#8221;{}&#8221;][\/et_pb_divider][et_pb_text _builder_version=&#8221;4.17.4&#8243; _module_preset=&#8221;default&#8221; text_font=&#8221;|600|||||||&#8221; text_text_color=&#8221;#FFFFFF&#8221; text_font_size=&#8221;24px&#8221; global_colors_info=&#8221;{}&#8221;]<\/p>\n<p>Tr\u1ee5 s\u1edf ch\u00ednh Seoul<\/p>\n<p>[\/et_pb_text][et_pb_text _builder_version=&#8221;4.17.4&#8243; _module_preset=&#8221;default&#8221; text_text_color=&#8221;#FFFFFF&#8221; text_font_size=&#8221;16px&#8221; global_colors_info=&#8221;{}&#8221;]<\/p>\n<p>8F, 402, Gangseo-ro, Gangseo-gu, Seoul, Republic of Korea<br \/>8F, 402, Gangseo-ro, Gangseo-gu, Seoul, Republic of Korea<\/p>\n<p>[\/et_pb_text][et_pb_text _builder_version=&#8221;4.17.4&#8243; _module_preset=&#8221;default&#8221; text_text_color=&#8221;#FFFFFF&#8221; text_font_size=&#8221;18px&#8221; global_colors_info=&#8221;{}&#8221;]<\/p>\n<p>TEL. (+82)2.3663.9100 FAX. (+82)2.3664.3911<\/p>\n<p>[\/et_pb_text][et_pb_text _builder_version=&#8221;4.17.4&#8243; _module_preset=&#8221;default&#8221; text_font=&#8221;|600|||||||&#8221; text_text_color=&#8221;#FFFFFF&#8221; text_font_size=&#8221;24px&#8221; global_colors_info=&#8221;{}&#8221;]<\/p>\n<p>\u0110\u01b0\u1eddng \u0111\u1ebfn tr\u1ee5 s\u1edf ch\u00ednh &gt;&gt;<\/p>\n<p>[\/et_pb_text][et_pb_text _builder_version=&#8221;4.17.4&#8243; _module_preset=&#8221;default&#8221; text_text_color=&#8221;#FFFFFF&#8221; text_font_size=&#8221;16px&#8221; global_colors_info=&#8221;{}&#8221;]\ubc84\uc2a4: \uacf5\ud56d\ubc84\uc2a4 \ud0c0\uace0 \ubc1c\uc0b0\uc804\ucca0\uc5ed \ud558\ucc28<br \/>\n\uc9c0\ud558\ucca0: 5\ud638\uc120 \uc804\ucca0\uc5ed \ud558\ucc28 \ud6c4 3\ubc88\ucd9c\uad6c \ubc29\ud5a5\uc73c\ub85c 200m[\/et_pb_text][\/et_pb_column][et_pb_column type=&#8221;1_2&#8243; _builder_version=&#8221;4.17.4&#8243; _module_preset=&#8221;default&#8221; global_colors_info=&#8221;{}&#8221;][et_pb_image src=&#8221;http:\/\/haewoo2.itvineweb.com\/wp-content\/uploads\/2022\/06\/home-contact-map1.png&#8221; title_text=&#8221;home-contact-map1&#8243; _builder_version=&#8221;4.17.4&#8243; _module_preset=&#8221;default&#8221; global_colors_info=&#8221;{}&#8221;][\/et_pb_image][\/et_pb_column][\/et_pb_row][\/et_pb_section]<\/p>","protected":false},"excerpt":{"rendered":"<p>About usTo relocate products all over the world!1983\ub144 \uc124\ub9bd\ub41c \u321c \ud574\uc6b0GLS\ub294 \uc9c0\uc18d\uc801\uc778 \ubb3c\ub958 \ud504\ub85c\uc138\uc2a4 \ud601\uc2e0\uacfc \ucd95\ucc99\ub41c \uacbd\ud5d8\uc744 \ubc14\ud0d5\uc73c\ub85c \ubb3c\ub958\ubd84\uc57c\uc5d0 \ud2b9\ubcc4\ud55c \ub178\ud558\uc6b0\ub97c \ubcf4\uc720\ud558\uace0 \uc788\uc2b5\ub2c8\ub2e4. \uc77c\uad04 \uc218\uc1a1\uccb4\uacc4\ub97c \uad6c\ucd95\ud558\uc5ec \ubb3c\ub958\ube44\uc6a9 \uc808\uac10 \ubc0f \uc2e4\uc2dc\uac04 \ubb3c\ub958\uc815\ubcf4\ub97c ONE STOP SERVICE\ub85c \uc81c\uacf5\ud569\ub2c8\ub2e4, \ub098\uc544\uac00 \uad6d\ub0b4\uc678 Network\ub97c \uae30\ubc18\uc73c\ub85c \ucca8\ub2e8 IT\uc2dc\uc2a4\ud15c\uc744 \uad6c\ucd95\ud558\uc5ec \uace0\uac1d\uc774 \uc9c1\uc811 \ud654\ubb3c \uc870\ud68c \ubc0f \uc6b4\uc1a1\uc744 \ud655\uc778\ud560 \uc218 \uc788\ub294 \uc548\uc2ec \uc11c\ube44\uc2a4\ub97c \uc81c\uacf5\ud558\uace0 \uc788\uc2b5\ub2c8\ub2e4.our [&hellip;]<\/p>","protected":false},"author":1,"featured_media":0,"parent":0,"menu_order":0,"comment_status":"closed","ping_status":"closed","template":"","meta":{"_et_pb_use_builder":"on","_et_pb_old_content":"","_et_gb_content_width":"","footnotes":""},"class_list":["post-11","page","type-page","status-publish","hentry"],"_links":{"self":[{"href":"http:\/\/haewoo.com\/vi\/wp-json\/wp\/v2\/pages\/11","targetHints":{"allow":["GET"]}}],"collection":[{"href":"http:\/\/haewoo.com\/vi\/wp-json\/wp\/v2\/pages"}],"about":[{"href":"http:\/\/haewoo.com\/vi\/wp-json\/wp\/v2\/types\/page"}],"author":[{"embeddable":true,"href":"http:\/\/haewoo.com\/vi\/wp-json\/wp\/v2\/users\/1"}],"replies":[{"embeddable":true,"href":"http:\/\/haewoo.com\/vi\/wp-json\/wp\/v2\/comments?post=11"}],"version-history":[{"count":37,"href":"http:\/\/haewoo.com\/vi\/wp-json\/wp\/v2\/pages\/11\/revisions"}],"predecessor-version":[{"id":1828,"href":"http:\/\/haewoo.com\/vi\/wp-json\/wp\/v2\/pages\/11\/revisions\/1828"}],"wp:attachment":[{"href":"http:\/\/haewoo.com\/vi\/wp-json\/wp\/v2\/media?parent=11"}],"curies":[{"name":"wp","href":"https:\/\/api.w.org\/{rel}","templated":true}]}}